{"id":1506,"date":"2021-03-29T12:36:57","date_gmt":"2021-03-29T11:36:57","guid":{"rendered":"https:\/\/psychosynthese.fr\/?page_id=1506"},"modified":"2024-06-10T11:21:25","modified_gmt":"2024-06-10T10:21:25","slug":"accueil-psychosynthese-formation-praticiens","status":"publish","type":"page","link":"https:\/\/www.psychosynthese.fr\/","title":{"rendered":"Accueil"},"content":{"rendered":"<p>Bienvenue sur le site de l&rsquo;Institut Fran\u00e7ais de Psychosynth\u00e8se !<\/p>\n","protected":false},"excerpt":{"rendered":"<p>Bienvenue sur le site de l&rsquo;Institut Fran\u00e7ais de Psychosynth\u00e8se !<\/p>\n","protected":false},"author":1,"featured_media":0,"parent":0,"menu_order":0,"comment_status":"closed","ping_status":"closed","template":"","meta":{"_monsterinsights_skip_tracking":false,"_monsterinsights_sitenote_active":false,"_monsterinsights_sitenote_note":"","_monsterinsights_sitenote_category":0,"footnotes":""},"class_list":["post-1506","page","type-page","status-publish","czr-hentry"],"yoast_head":"<!-- This site is optimized with the Yoast SEO plugin v27.5 - https:\/\/yoast.com\/product\/yoast-seo-wordpress\/ -->\n<title>Accueil - Institut Fran\u00e7ais de Psychosynth\u00e8se<\/title>\n<meta name=\"description\" content=\"Cr\u00e9\u00e9 \u00e0 l&#039;initiative de Roberto Assagioli, cette association diffuse la pens\u00e9e psychosynth\u00e9tique et forme des praticiens.\" \/>\n<meta name=\"robots\" content=\"index, follow, max-snippet:-1, max-image-preview:large, max-video-preview:-1\" \/>\n<link rel=\"canonical\" href=\"https:\/\/www.psychosynthese.fr\/\" \/>\n<meta property=\"og:locale\" content=\"fr_FR\" \/>\n<meta property=\"og:type\" content=\"article\" \/>\n<meta property=\"og:title\" content=\"Accueil - Institut Fran\u00e7ais de Psychosynth\u00e8se\" \/>\n<meta property=\"og:description\" content=\"Cr\u00e9\u00e9 \u00e0 l&#039;initiative de Roberto Assagioli, cette association diffuse la pens\u00e9e psychosynth\u00e9tique et forme des praticiens.\" \/>\n<meta property=\"og:url\" content=\"https:\/\/www.psychosynthese.fr\/\" \/>\n<meta property=\"og:site_name\" content=\"Institut Fran\u00e7ais de Psychosynth\u00e8se\" \/>\n<meta property=\"article:publisher\" content=\"https:\/\/www.facebook.com\/ifp.paris\" \/>\n<meta property=\"article:modified_time\" content=\"2024-06-10T10:21:25+00:00\" \/>\n<meta property=\"og:image\" content=\"https:\/\/www.psychosynthese.fr\/wp-content\/uploads\/2017\/03\/cropped-banniereifp03172.png\" \/>\n\t<meta property=\"og:image:width\" content=\"799\" \/>\n\t<meta property=\"og:image:height\" content=\"95\" \/>\n\t<meta property=\"og:image:type\" content=\"image\/png\" \/>\n<meta name=\"twitter:card\" content=\"summary_large_image\" \/>\n<meta name=\"twitter:label1\" content=\"Dur\u00e9e de lecture estim\u00e9e\" \/>\n\t<meta name=\"twitter:data1\" content=\"1 minute\" \/>\n<script type=\"application\/ld+json\" class=\"yoast-schema-graph\">{\"@context\":\"https:\\\/\\\/schema.org\",\"@graph\":[{\"@type\":\"WebPage\",\"@id\":\"https:\\\/\\\/www.psychosynthese.fr\\\/\",\"url\":\"https:\\\/\\\/www.psychosynthese.fr\\\/\",\"name\":\"Accueil - Institut Fran\u00e7ais de Psychosynth\u00e8se\",\"isPartOf\":{\"@id\":\"https:\\\/\\\/www.psychosynthese.fr\\\/#website\"},\"datePublished\":\"2021-03-29T11:36:57+00:00\",\"dateModified\":\"2024-06-10T10:21:25+00:00\",\"description\":\"Cr\u00e9\u00e9 \u00e0 l'initiative de Roberto Assagioli, cette association diffuse la pens\u00e9e psychosynth\u00e9tique et forme des praticiens.\",\"breadcrumb\":{\"@id\":\"https:\\\/\\\/www.psychosynthese.fr\\\/#breadcrumb\"},\"inLanguage\":\"fr-FR\",\"potentialAction\":[{\"@type\":\"ReadAction\",\"target\":[\"https:\\\/\\\/www.psychosynthese.fr\\\/\"]}]},{\"@type\":\"BreadcrumbList\",\"@id\":\"https:\\\/\\\/www.psychosynthese.fr\\\/#breadcrumb\",\"itemListElement\":[{\"@type\":\"ListItem\",\"position\":1,\"name\":\"Accueil\",\"item\":\"https:\\\/\\\/www.psychosynthese.fr\\\/\"},{\"@type\":\"ListItem\",\"position\":2,\"name\":\"Accueil\"}]},{\"@type\":\"WebSite\",\"@id\":\"https:\\\/\\\/www.psychosynthese.fr\\\/#website\",\"url\":\"https:\\\/\\\/www.psychosynthese.fr\\\/\",\"name\":\"Institut Fran\u00e7ais de Psychosynth\u00e8se\",\"description\":\"Formation en psychosynth\u00e8se\",\"publisher\":{\"@id\":\"https:\\\/\\\/www.psychosynthese.fr\\\/#organization\"},\"alternateName\":\"IFP\",\"potentialAction\":[{\"@type\":\"SearchAction\",\"target\":{\"@type\":\"EntryPoint\",\"urlTemplate\":\"https:\\\/\\\/www.psychosynthese.fr\\\/?s={search_term_string}\"},\"query-input\":{\"@type\":\"PropertyValueSpecification\",\"valueRequired\":true,\"valueName\":\"search_term_string\"}}],\"inLanguage\":\"fr-FR\"},{\"@type\":\"Organization\",\"@id\":\"https:\\\/\\\/www.psychosynthese.fr\\\/#organization\",\"name\":\"Institut Fran\u00e7ais de Psychosynth\u00e8se\",\"url\":\"https:\\\/\\\/www.psychosynthese.fr\\\/\",\"logo\":{\"@type\":\"ImageObject\",\"inLanguage\":\"fr-FR\",\"@id\":\"https:\\\/\\\/www.psychosynthese.fr\\\/#\\\/schema\\\/logo\\\/image\\\/\",\"url\":\"https:\\\/\\\/www.psychosynthese.fr\\\/wp-content\\\/uploads\\\/2017\\\/03\\\/cropped-cropped-logo-ifp-155.jpg\",\"contentUrl\":\"https:\\\/\\\/www.psychosynthese.fr\\\/wp-content\\\/uploads\\\/2017\\\/03\\\/cropped-cropped-logo-ifp-155.jpg\",\"width\":135,\"height\":135,\"caption\":\"Institut Fran\u00e7ais de Psychosynth\u00e8se\"},\"image\":{\"@id\":\"https:\\\/\\\/www.psychosynthese.fr\\\/#\\\/schema\\\/logo\\\/image\\\/\"},\"sameAs\":[\"https:\\\/\\\/www.facebook.com\\\/ifp.paris\",\"https:\\\/\\\/www.youtube.com\\\/channel\\\/UCKmHyF5IEF9hQ_UI4mmbYgw\"]}]}<\/script>\n<!-- \/ Yoast SEO plugin. -->","yoast_head_json":{"title":"Accueil - Institut Fran\u00e7ais de Psychosynth\u00e8se","description":"Cr\u00e9\u00e9 \u00e0 l'initiative de Roberto Assagioli, cette association diffuse la pens\u00e9e psychosynth\u00e9tique et forme des praticiens.","robots":{"index":"index","follow":"follow","max-snippet":"max-snippet:-1","max-image-preview":"max-image-preview:large","max-video-preview":"max-video-preview:-1"},"canonical":"https:\/\/www.psychosynthese.fr\/","og_locale":"fr_FR","og_type":"article","og_title":"Accueil - Institut Fran\u00e7ais de Psychosynth\u00e8se","og_description":"Cr\u00e9\u00e9 \u00e0 l'initiative de Roberto Assagioli, cette association diffuse la pens\u00e9e psychosynth\u00e9tique et forme des praticiens.","og_url":"https:\/\/www.psychosynthese.fr\/","og_site_name":"Institut Fran\u00e7ais de Psychosynth\u00e8se","article_publisher":"https:\/\/www.facebook.com\/ifp.paris","article_modified_time":"2024-06-10T10:21:25+00:00","og_image":[{"width":799,"height":95,"url":"https:\/\/www.psychosynthese.fr\/wp-content\/uploads\/2017\/03\/cropped-banniereifp03172.png","type":"image\/png"}],"twitter_card":"summary_large_image","twitter_misc":{"Dur\u00e9e de lecture estim\u00e9e":"1 minute"},"schema":{"@context":"https:\/\/schema.org","@graph":[{"@type":"WebPage","@id":"https:\/\/www.psychosynthese.fr\/","url":"https:\/\/www.psychosynthese.fr\/","name":"Accueil - Institut Fran\u00e7ais de Psychosynth\u00e8se","isPartOf":{"@id":"https:\/\/www.psychosynthese.fr\/#website"},"datePublished":"2021-03-29T11:36:57+00:00","dateModified":"2024-06-10T10:21:25+00:00","description":"Cr\u00e9\u00e9 \u00e0 l'initiative de Roberto Assagioli, cette association diffuse la pens\u00e9e psychosynth\u00e9tique et forme des praticiens.","breadcrumb":{"@id":"https:\/\/www.psychosynthese.fr\/#breadcrumb"},"inLanguage":"fr-FR","potentialAction":[{"@type":"ReadAction","target":["https:\/\/www.psychosynthese.fr\/"]}]},{"@type":"BreadcrumbList","@id":"https:\/\/www.psychosynthese.fr\/#breadcrumb","itemListElement":[{"@type":"ListItem","position":1,"name":"Accueil","item":"https:\/\/www.psychosynthese.fr\/"},{"@type":"ListItem","position":2,"name":"Accueil"}]},{"@type":"WebSite","@id":"https:\/\/www.psychosynthese.fr\/#website","url":"https:\/\/www.psychosynthese.fr\/","name":"Institut Fran\u00e7ais de Psychosynth\u00e8se","description":"Formation en psychosynth\u00e8se","publisher":{"@id":"https:\/\/www.psychosynthese.fr\/#organization"},"alternateName":"IFP","potentialAction":[{"@type":"SearchAction","target":{"@type":"EntryPoint","urlTemplate":"https:\/\/www.psychosynthese.fr\/?s={search_term_string}"},"query-input":{"@type":"PropertyValueSpecification","valueRequired":true,"valueName":"search_term_string"}}],"inLanguage":"fr-FR"},{"@type":"Organization","@id":"https:\/\/www.psychosynthese.fr\/#organization","name":"Institut Fran\u00e7ais de Psychosynth\u00e8se","url":"https:\/\/www.psychosynthese.fr\/","logo":{"@type":"ImageObject","inLanguage":"fr-FR","@id":"https:\/\/www.psychosynthese.fr\/#\/schema\/logo\/image\/","url":"https:\/\/www.psychosynthese.fr\/wp-content\/uploads\/2017\/03\/cropped-cropped-logo-ifp-155.jpg","contentUrl":"https:\/\/www.psychosynthese.fr\/wp-content\/uploads\/2017\/03\/cropped-cropped-logo-ifp-155.jpg","width":135,"height":135,"caption":"Institut Fran\u00e7ais de Psychosynth\u00e8se"},"image":{"@id":"https:\/\/www.psychosynthese.fr\/#\/schema\/logo\/image\/"},"sameAs":["https:\/\/www.facebook.com\/ifp.paris","https:\/\/www.youtube.com\/channel\/UCKmHyF5IEF9hQ_UI4mmbYgw"]}]}},"_links":{"self":[{"href":"https:\/\/www.psychosynthese.fr\/index.php\/wp-json\/wp\/v2\/pages\/1506","targetHints":{"allow":["GET"]}}],"collection":[{"href":"https:\/\/www.psychosynthese.fr\/index.php\/wp-json\/wp\/v2\/pages"}],"about":[{"href":"https:\/\/www.psychosynthese.fr\/index.php\/wp-json\/wp\/v2\/types\/page"}],"author":[{"embeddable":true,"href":"https:\/\/www.psychosynthese.fr\/index.php\/wp-json\/wp\/v2\/users\/1"}],"replies":[{"embeddable":true,"href":"https:\/\/www.psychosynthese.fr\/index.php\/wp-json\/wp\/v2\/comments?post=1506"}],"version-history":[{"count":2,"href":"https:\/\/www.psychosynthese.fr\/index.php\/wp-json\/wp\/v2\/pages\/1506\/revisions"}],"predecessor-version":[{"id":3740,"href":"https:\/\/www.psychosynthese.fr\/index.php\/wp-json\/wp\/v2\/pages\/1506\/revisions\/3740"}],"wp:attachment":[{"href":"https:\/\/www.psychosynthese.fr\/index.php\/wp-json\/wp\/v2\/media?parent=1506"}],"curies":[{"name":"wp","href":"https:\/\/api.w.org\/{rel}","templated":true}]}}