{"id":1570,"date":"2021-03-29T15:11:24","date_gmt":"2021-03-29T14:11:24","guid":{"rendered":"https:\/\/psychosynthese.fr\/?page_id=1570"},"modified":"2021-03-29T15:30:39","modified_gmt":"2021-03-29T14:30:39","slug":"bibliographie","status":"publish","type":"page","link":"https:\/\/www.psychosynthese.fr\/index.php\/la-psychosynthese\/bibliographie\/","title":{"rendered":"Bibliographie"},"content":{"rendered":"<p><span style=\"font-weight: 400;\">Si la psychosynth\u00e8se vous int\u00e9resse, voici quelques ouvrages vers lesquels vous orienter :<\/span><\/p>\n<p><span style=\"text-decoration: underline;\"><span style=\"font-weight: 400;\">En fran\u00e7ais<\/span><\/span><\/p>\n<ul>\n<li style=\"font-weight: 400;\" aria-level=\"1\"><span style=\"font-weight: 400;\">ALBERTI Alberto, <em>Psychosynth\u00e8se : prendre soin de son \u00e2me<\/em>, L\u2019uomo edizioni, 2012<\/span><\/li>\n<li style=\"font-weight: 400;\" aria-level=\"1\"><span style=\"font-weight: 400;\">ASSAGIOLI Roberto, <em>L\u2019acte de volont\u00e9<\/em>, Editions du centre de psychosynth\u00e8se de Montr\u00e9al, 1987, trad. Paul PAR\u00c9<\/span><\/li>\n<li style=\"font-weight: 400;\" aria-level=\"1\"><span style=\"font-weight: 400;\">BRES Micheline, PELLERIN Monique, <em>La psychosynth\u00e8se<\/em>, PUF \u00ab\u00a0Que sais-je\u00a0\u00bb, 1994<\/span><\/li>\n<li style=\"font-weight: 400;\" aria-level=\"1\"><span style=\"font-weight: 400;\">CLAESSENS Vincent, <em>La mosa\u00efque de l\u2019\u00catre : comment trouver l\u2019harmonie au sein de notre multiplicit\u00e9<\/em>, Ell\u00e9bore Editions, 2012<\/span><\/li>\n<li style=\"font-weight: 400;\" aria-level=\"1\"><span style=\"font-weight: 400;\">GUGGISBERG NOCELLI Petra, <em>La voie de la Psychosynth\u00e8se : Un guide complet des origines, des concepts et des exp\u00e9riences fondamentales de la Psychosynth\u00e8se accompagn\u00e9 d\u2019une biographie de Roberto Assagioli<\/em>, L\u2019Uomo Edizioni, trad. fran\u00e7aise 2019 <\/span><span style=\"font-weight: 400;\">(en anglais: <em>The way of Psychosynthesis<\/em>, Ed. William Burr, Easton, Maryland 2017)<\/span><\/li>\n<li style=\"font-weight: 400;\" aria-level=\"1\"><span style=\"font-weight: 400;\">FERRUCCI Piero, <em>La psychosynth\u00e8se : Guide conceptuel et pratique de r\u00e9alisation du Soi<\/em>, Editions du centre de psychosynth\u00e8se de Montr\u00e9al, 1985<\/span><\/li>\n<li style=\"font-weight: 400;\" aria-level=\"1\"><span style=\"font-weight: 400;\">FIRMAN John, <em>Je et soi, nouvelles perspectives en psychosynth\u00e8se<\/em>, Centre d\u2019int\u00e9gration de la personne de Qu\u00e9bec, 1992, trad. Paul PAR\u00c9<\/span><\/li>\n<\/ul>\n<p>&nbsp;<\/p>\n<p><span style=\"text-decoration: underline;\"><span style=\"font-weight: 400;\">En anglais<\/span><\/span><\/p>\n<ul>\n<li style=\"font-weight: 400;\" aria-level=\"1\"><span style=\"font-weight: 400;\">WEISER John, YEOMANS Thomas, <em>Readings in psychosynthesis: Theory, Process &amp; Practice.<\/em> , Ed. The Department of Applied Psychology\/The Ontario Institute for Studies in Education, 1985<\/span><\/li>\n<li style=\"font-weight: 400;\" aria-level=\"1\"><span style=\"font-weight: 400;\">WHITMORE Diana, <em>Psychosynthesis in Education: A Guide to the Joy of Learning<\/em>, Turnstone press limited, 1986<\/span><\/li>\n<\/ul>\n<p>&nbsp;<\/p>\n<p><span style=\"text-decoration: underline;\"><span style=\"font-weight: 400;\">En italien<\/span><\/span><\/p>\n<ul>\n<li style=\"font-weight: 400;\" aria-level=\"1\"><span style=\"font-weight: 400;\">ALBERTI Alberto et autres, <em>Disturbi della personalit\u00e0<\/em>, Edizioni SIPT<\/span><\/li>\n<li style=\"font-weight: 400;\" aria-level=\"1\"><span style=\"font-weight: 400;\">ASSAGIOLI Roberto, <em>La psicosintesi terapeutica \u2013 Manuale di tecniche<\/em>, Astrolabio<\/span><\/li>\n<li style=\"font-weight: 400;\" aria-level=\"1\"><span style=\"font-weight: 400;\">ASSAGIOLI Roberto, <em>L\u2019atto di volont\u00e0<\/em>, Astrolabio<\/span><\/li>\n<li style=\"font-weight: 400;\" aria-level=\"1\"><span style=\"font-weight: 400;\">ASSAGIOLI Roberto, <em>Comprendere la psicosintesi, a cura di Marialuisa Macchia Girelli<\/em>, Astrolabio<\/span><\/li>\n<li style=\"font-weight: 400;\" aria-level=\"1\"><span style=\"font-weight: 400;\">ALBERTI Alberto, L\u2019uomo che soffre, l\u2019uomo che cura , Pagnini<\/span><\/li>\n<li style=\"font-weight: 400;\" aria-level=\"1\"><span style=\"font-weight: 400;\">ALBERTI Alberto, <em>Psicosintesi, Una cura per l\u2019anima<\/em>, L\u2019Uomo Edizioni, Firenze, 2008<\/span><\/li>\n<li style=\"font-weight: 400;\" aria-level=\"1\"><span style=\"font-weight: 400;\">BOCCONI Andrea, LACERNA Patrizia, <em>Il matto e il mondo<\/em>, Nomina<\/span><\/li>\n<li style=\"font-weight: 400;\" aria-level=\"1\"><span style=\"font-weight: 400;\">BONACINA, Pier Maria, <em>L\u2019uomo stellare<\/em>, Pagnini<\/span><\/li>\n<li style=\"font-weight: 400;\" aria-level=\"1\"><span style=\"font-weight: 400;\">CALDIRONI Bruno, <em>L\u2019uomo a tre dimensioni<\/em>, Girasole<\/span><\/li>\n<li style=\"font-weight: 400;\" aria-level=\"1\"><span style=\"font-weight: 400;\">DE PAOLIS Daniele, <em>L\u2019io e le sue maschere<\/em>, Istituto di Psicosintesi<\/span><\/li>\n<li style=\"font-weight: 400;\" aria-level=\"1\"><span style=\"font-weight: 400;\">FERRUCCI Piero, <em>Crescere<\/em>, Astrolabio<\/span><\/li>\n<li style=\"font-weight: 400;\" aria-level=\"1\"><span style=\"font-weight: 400;\">FERRUCCI Piero,<em> Esperienze delle vette<\/em>, Astrolabio<\/span><\/li>\n<li style=\"font-weight: 400;\" aria-level=\"1\"><span style=\"font-weight: 400;\">FINOTTI Anna Maria, <em>Il mito del Natale<\/em>, Pagnini Martinelli<\/span><\/li>\n<li style=\"font-weight: 400;\" aria-level=\"1\"><span style=\"font-weight: 400;\">FIRMAN John, GILA Ann, <em>La ferita primaria<\/em>, Pagnini Martinelli<\/span><\/li>\n<li style=\"font-weight: 400;\" aria-level=\"1\"><span style=\"font-weight: 400;\">GUGGISBERG NOCELLI Petra, <em>Conosci, possiedi, trasforma te stesso<\/em>, Ed. XENIA, Como-Pavia 2016<\/span><\/li>\n<li style=\"font-weight: 400;\" aria-level=\"1\"><span style=\"font-weight: 400;\">MARABINI Enrico, <em>Per una psicologia dell\u2019uomo totale<\/em>, Editrice Phoenix<\/span><\/li>\n<li style=\"font-weight: 400;\" aria-level=\"1\"><span style=\"font-weight: 400;\">ROSSELLI Massimo, <em>I nuovi paradigmi della psicologia<\/em>, Cittadella editrice<\/span><\/li>\n<\/ul>\n","protected":false},"excerpt":{"rendered":"<p>Si la psychosynth\u00e8se vous int\u00e9resse, voici quelques ouvrages vers lesquels vous orienter : En fran\u00e7ais ALBERTI Alberto, Psychosynth\u00e8se : prendre soin de son \u00e2me, L\u2019uomo edizioni, 2012 ASSAGIOLI Roberto, L\u2019acte de volont\u00e9, Editions du centre de psychosynth\u00e8se de Montr\u00e9al, 1987, trad. Paul PAR\u00c9 BRES Micheline, PELLERIN Monique, La psychosynth\u00e8se, PUF \u00ab\u00a0Que sais-je\u00a0\u00bb, 1994 CLAESSENS Vincent, [&hellip;]<\/p>\n","protected":false},"author":1,"featured_media":0,"parent":1526,"menu_order":3,"comment_status":"closed","ping_status":"closed","template":"","meta":{"_monsterinsights_skip_tracking":false,"_monsterinsights_sitenote_active":false,"_monsterinsights_sitenote_note":"","_monsterinsights_sitenote_category":0,"footnotes":""},"class_list":["post-1570","page","type-page","status-publish","czr-hentry"],"yoast_head":"<!-- This site is optimized with the Yoast SEO plugin v27.5 - https:\/\/yoast.com\/product\/yoast-seo-wordpress\/ -->\n<title>Bibliographie - Institut Fran\u00e7ais de Psychosynth\u00e8se<\/title>\n<meta name=\"robots\" content=\"index, follow, max-snippet:-1, max-image-preview:large, max-video-preview:-1\" \/>\n<link rel=\"canonical\" href=\"https:\/\/www.psychosynthese.fr\/index.php\/la-psychosynthese\/bibliographie\/\" \/>\n<meta property=\"og:locale\" content=\"fr_FR\" \/>\n<meta property=\"og:type\" content=\"article\" \/>\n<meta property=\"og:title\" content=\"Bibliographie - Institut Fran\u00e7ais de Psychosynth\u00e8se\" \/>\n<meta property=\"og:description\" content=\"Si la psychosynth\u00e8se vous int\u00e9resse, voici quelques ouvrages vers lesquels vous orienter : En fran\u00e7ais ALBERTI Alberto, Psychosynth\u00e8se : prendre soin de son \u00e2me, L\u2019uomo edizioni, 2012 ASSAGIOLI Roberto, L\u2019acte de volont\u00e9, Editions du centre de psychosynth\u00e8se de Montr\u00e9al, 1987, trad. Paul PAR\u00c9 BRES Micheline, PELLERIN Monique, La psychosynth\u00e8se, PUF \u00ab\u00a0Que sais-je\u00a0\u00bb, 1994 CLAESSENS Vincent, [&hellip;]\" \/>\n<meta property=\"og:url\" content=\"https:\/\/www.psychosynthese.fr\/index.php\/la-psychosynthese\/bibliographie\/\" \/>\n<meta property=\"og:site_name\" content=\"Institut Fran\u00e7ais de Psychosynth\u00e8se\" \/>\n<meta property=\"article:publisher\" content=\"https:\/\/www.facebook.com\/ifp.paris\" \/>\n<meta property=\"article:modified_time\" content=\"2021-03-29T14:30:39+00:00\" \/>\n<meta property=\"og:image\" content=\"https:\/\/www.psychosynthese.fr\/wp-content\/uploads\/2017\/03\/cropped-banniereifp03172.png\" \/>\n\t<meta property=\"og:image:width\" content=\"799\" \/>\n\t<meta property=\"og:image:height\" content=\"95\" \/>\n\t<meta property=\"og:image:type\" content=\"image\/png\" \/>\n<meta name=\"twitter:card\" content=\"summary_large_image\" \/>\n<meta name=\"twitter:label1\" content=\"Dur\u00e9e de lecture estim\u00e9e\" \/>\n\t<meta name=\"twitter:data1\" content=\"2 minutes\" \/>\n<script type=\"application\/ld+json\" class=\"yoast-schema-graph\">{\"@context\":\"https:\\\/\\\/schema.org\",\"@graph\":[{\"@type\":\"WebPage\",\"@id\":\"https:\\\/\\\/www.psychosynthese.fr\\\/index.php\\\/la-psychosynthese\\\/bibliographie\\\/\",\"url\":\"https:\\\/\\\/www.psychosynthese.fr\\\/index.php\\\/la-psychosynthese\\\/bibliographie\\\/\",\"name\":\"Bibliographie - Institut Fran\u00e7ais de Psychosynth\u00e8se\",\"isPartOf\":{\"@id\":\"https:\\\/\\\/www.psychosynthese.fr\\\/#website\"},\"datePublished\":\"2021-03-29T14:11:24+00:00\",\"dateModified\":\"2021-03-29T14:30:39+00:00\",\"breadcrumb\":{\"@id\":\"https:\\\/\\\/www.psychosynthese.fr\\\/index.php\\\/la-psychosynthese\\\/bibliographie\\\/#breadcrumb\"},\"inLanguage\":\"fr-FR\",\"potentialAction\":[{\"@type\":\"ReadAction\",\"target\":[\"https:\\\/\\\/www.psychosynthese.fr\\\/index.php\\\/la-psychosynthese\\\/bibliographie\\\/\"]}]},{\"@type\":\"BreadcrumbList\",\"@id\":\"https:\\\/\\\/www.psychosynthese.fr\\\/index.php\\\/la-psychosynthese\\\/bibliographie\\\/#breadcrumb\",\"itemListElement\":[{\"@type\":\"ListItem\",\"position\":1,\"name\":\"Accueil\",\"item\":\"https:\\\/\\\/www.psychosynthese.fr\\\/\"},{\"@type\":\"ListItem\",\"position\":2,\"name\":\"La psychosynth\u00e8se\",\"item\":\"https:\\\/\\\/www.psychosynthese.fr\\\/index.php\\\/la-psychosynthese\\\/\"},{\"@type\":\"ListItem\",\"position\":3,\"name\":\"Bibliographie\"}]},{\"@type\":\"WebSite\",\"@id\":\"https:\\\/\\\/www.psychosynthese.fr\\\/#website\",\"url\":\"https:\\\/\\\/www.psychosynthese.fr\\\/\",\"name\":\"Institut Fran\u00e7ais de Psychosynth\u00e8se\",\"description\":\"Formation en psychosynth\u00e8se\",\"publisher\":{\"@id\":\"https:\\\/\\\/www.psychosynthese.fr\\\/#organization\"},\"alternateName\":\"IFP\",\"potentialAction\":[{\"@type\":\"SearchAction\",\"target\":{\"@type\":\"EntryPoint\",\"urlTemplate\":\"https:\\\/\\\/www.psychosynthese.fr\\\/?s={search_term_string}\"},\"query-input\":{\"@type\":\"PropertyValueSpecification\",\"valueRequired\":true,\"valueName\":\"search_term_string\"}}],\"inLanguage\":\"fr-FR\"},{\"@type\":\"Organization\",\"@id\":\"https:\\\/\\\/www.psychosynthese.fr\\\/#organization\",\"name\":\"Institut Fran\u00e7ais de Psychosynth\u00e8se\",\"url\":\"https:\\\/\\\/www.psychosynthese.fr\\\/\",\"logo\":{\"@type\":\"ImageObject\",\"inLanguage\":\"fr-FR\",\"@id\":\"https:\\\/\\\/www.psychosynthese.fr\\\/#\\\/schema\\\/logo\\\/image\\\/\",\"url\":\"https:\\\/\\\/www.psychosynthese.fr\\\/wp-content\\\/uploads\\\/2017\\\/03\\\/cropped-cropped-logo-ifp-155.jpg\",\"contentUrl\":\"https:\\\/\\\/www.psychosynthese.fr\\\/wp-content\\\/uploads\\\/2017\\\/03\\\/cropped-cropped-logo-ifp-155.jpg\",\"width\":135,\"height\":135,\"caption\":\"Institut Fran\u00e7ais de Psychosynth\u00e8se\"},\"image\":{\"@id\":\"https:\\\/\\\/www.psychosynthese.fr\\\/#\\\/schema\\\/logo\\\/image\\\/\"},\"sameAs\":[\"https:\\\/\\\/www.facebook.com\\\/ifp.paris\",\"https:\\\/\\\/www.youtube.com\\\/channel\\\/UCKmHyF5IEF9hQ_UI4mmbYgw\"]}]}<\/script>\n<!-- \/ Yoast SEO plugin. -->","yoast_head_json":{"title":"Bibliographie - Institut Fran\u00e7ais de Psychosynth\u00e8se","robots":{"index":"index","follow":"follow","max-snippet":"max-snippet:-1","max-image-preview":"max-image-preview:large","max-video-preview":"max-video-preview:-1"},"canonical":"https:\/\/www.psychosynthese.fr\/index.php\/la-psychosynthese\/bibliographie\/","og_locale":"fr_FR","og_type":"article","og_title":"Bibliographie - Institut Fran\u00e7ais de Psychosynth\u00e8se","og_description":"Si la psychosynth\u00e8se vous int\u00e9resse, voici quelques ouvrages vers lesquels vous orienter : En fran\u00e7ais ALBERTI Alberto, Psychosynth\u00e8se : prendre soin de son \u00e2me, L\u2019uomo edizioni, 2012 ASSAGIOLI Roberto, L\u2019acte de volont\u00e9, Editions du centre de psychosynth\u00e8se de Montr\u00e9al, 1987, trad. Paul PAR\u00c9 BRES Micheline, PELLERIN Monique, La psychosynth\u00e8se, PUF \u00ab\u00a0Que sais-je\u00a0\u00bb, 1994 CLAESSENS Vincent, [&hellip;]","og_url":"https:\/\/www.psychosynthese.fr\/index.php\/la-psychosynthese\/bibliographie\/","og_site_name":"Institut Fran\u00e7ais de Psychosynth\u00e8se","article_publisher":"https:\/\/www.facebook.com\/ifp.paris","article_modified_time":"2021-03-29T14:30:39+00:00","og_image":[{"width":799,"height":95,"url":"https:\/\/www.psychosynthese.fr\/wp-content\/uploads\/2017\/03\/cropped-banniereifp03172.png","type":"image\/png"}],"twitter_card":"summary_large_image","twitter_misc":{"Dur\u00e9e de lecture estim\u00e9e":"2 minutes"},"schema":{"@context":"https:\/\/schema.org","@graph":[{"@type":"WebPage","@id":"https:\/\/www.psychosynthese.fr\/index.php\/la-psychosynthese\/bibliographie\/","url":"https:\/\/www.psychosynthese.fr\/index.php\/la-psychosynthese\/bibliographie\/","name":"Bibliographie - Institut Fran\u00e7ais de Psychosynth\u00e8se","isPartOf":{"@id":"https:\/\/www.psychosynthese.fr\/#website"},"datePublished":"2021-03-29T14:11:24+00:00","dateModified":"2021-03-29T14:30:39+00:00","breadcrumb":{"@id":"https:\/\/www.psychosynthese.fr\/index.php\/la-psychosynthese\/bibliographie\/#breadcrumb"},"inLanguage":"fr-FR","potentialAction":[{"@type":"ReadAction","target":["https:\/\/www.psychosynthese.fr\/index.php\/la-psychosynthese\/bibliographie\/"]}]},{"@type":"BreadcrumbList","@id":"https:\/\/www.psychosynthese.fr\/index.php\/la-psychosynthese\/bibliographie\/#breadcrumb","itemListElement":[{"@type":"ListItem","position":1,"name":"Accueil","item":"https:\/\/www.psychosynthese.fr\/"},{"@type":"ListItem","position":2,"name":"La psychosynth\u00e8se","item":"https:\/\/www.psychosynthese.fr\/index.php\/la-psychosynthese\/"},{"@type":"ListItem","position":3,"name":"Bibliographie"}]},{"@type":"WebSite","@id":"https:\/\/www.psychosynthese.fr\/#website","url":"https:\/\/www.psychosynthese.fr\/","name":"Institut Fran\u00e7ais de Psychosynth\u00e8se","description":"Formation en psychosynth\u00e8se","publisher":{"@id":"https:\/\/www.psychosynthese.fr\/#organization"},"alternateName":"IFP","potentialAction":[{"@type":"SearchAction","target":{"@type":"EntryPoint","urlTemplate":"https:\/\/www.psychosynthese.fr\/?s={search_term_string}"},"query-input":{"@type":"PropertyValueSpecification","valueRequired":true,"valueName":"search_term_string"}}],"inLanguage":"fr-FR"},{"@type":"Organization","@id":"https:\/\/www.psychosynthese.fr\/#organization","name":"Institut Fran\u00e7ais de Psychosynth\u00e8se","url":"https:\/\/www.psychosynthese.fr\/","logo":{"@type":"ImageObject","inLanguage":"fr-FR","@id":"https:\/\/www.psychosynthese.fr\/#\/schema\/logo\/image\/","url":"https:\/\/www.psychosynthese.fr\/wp-content\/uploads\/2017\/03\/cropped-cropped-logo-ifp-155.jpg","contentUrl":"https:\/\/www.psychosynthese.fr\/wp-content\/uploads\/2017\/03\/cropped-cropped-logo-ifp-155.jpg","width":135,"height":135,"caption":"Institut Fran\u00e7ais de Psychosynth\u00e8se"},"image":{"@id":"https:\/\/www.psychosynthese.fr\/#\/schema\/logo\/image\/"},"sameAs":["https:\/\/www.facebook.com\/ifp.paris","https:\/\/www.youtube.com\/channel\/UCKmHyF5IEF9hQ_UI4mmbYgw"]}]}},"_links":{"self":[{"href":"https:\/\/www.psychosynthese.fr\/index.php\/wp-json\/wp\/v2\/pages\/1570","targetHints":{"allow":["GET"]}}],"collection":[{"href":"https:\/\/www.psychosynthese.fr\/index.php\/wp-json\/wp\/v2\/pages"}],"about":[{"href":"https:\/\/www.psychosynthese.fr\/index.php\/wp-json\/wp\/v2\/types\/page"}],"author":[{"embeddable":true,"href":"https:\/\/www.psychosynthese.fr\/index.php\/wp-json\/wp\/v2\/users\/1"}],"replies":[{"embeddable":true,"href":"https:\/\/www.psychosynthese.fr\/index.php\/wp-json\/wp\/v2\/comments?post=1570"}],"version-history":[{"count":2,"href":"https:\/\/www.psychosynthese.fr\/index.php\/wp-json\/wp\/v2\/pages\/1570\/revisions"}],"predecessor-version":[{"id":1573,"href":"https:\/\/www.psychosynthese.fr\/index.php\/wp-json\/wp\/v2\/pages\/1570\/revisions\/1573"}],"up":[{"embeddable":true,"href":"https:\/\/www.psychosynthese.fr\/index.php\/wp-json\/wp\/v2\/pages\/1526"}],"wp:attachment":[{"href":"https:\/\/www.psychosynthese.fr\/index.php\/wp-json\/wp\/v2\/media?parent=1570"}],"curies":[{"name":"wp","href":"https:\/\/api.w.org\/{rel}","templated":true}]}}