{"id":3383,"date":"2023-12-10T19:43:25","date_gmt":"2023-12-10T18:43:25","guid":{"rendered":"https:\/\/psychosynthese.fr\/?page_id=3383"},"modified":"2025-07-08T08:55:51","modified_gmt":"2025-07-08T07:55:51","slug":"livres","status":"publish","type":"page","link":"https:\/\/www.psychosynthese.fr\/index.php\/activites-decouverte-ateliers-developpement-personnel\/livres\/","title":{"rendered":"&#8212; Livres &#8212;"},"content":{"rendered":"\n<p>L&rsquo;IFP publie et vend des ouvrages sur la psychosynth\u00e8se. <\/p>\n\n\n\n<p>Vous pouvez soit vous d\u00e9placer \u00e0 l&rsquo;IFP \u00e0 Paris pour les acheter (envoyer un email \u00e0 ifp@psychosynthese.fr pour pr\u00e9venir l&rsquo;IFP; l&rsquo;IFP est ouvert au public les mardis de 11h \u00e0 16h hors vacances scolaires), soit les commander en \u00e9crivant \u00e0 l&rsquo;IFP, le prix incluera alors les frais de port. <\/p>\n\n\n\n<p class=\"has-white-color has-vivid-cyan-blue-background-color has-text-color has-background\">Livres disponibles \u00e0 l&rsquo;achat \u00e0 l&rsquo;IFP<\/p>\n\n\n\n<p>Psychosynth\u00e8se principes et techniques (Roberto ASSAGIOLI) : 22.50 \u20ac<\/p>\n\n\n\n<p>L\u2019acte de volont\u00e9 (Roberto ASSAGIOLI) : 25 \u20ac<\/p>\n\n\n\n<p>Le d\u00e9veloppement transpersonnel (Roberto ASSAGIOLI) : 25 \u20ac<\/p>\n\n\n\n<p>Psychosynth\u00e8se, prendre soin de son \u00e2me (Alberto ALBERTI) : 20 \u20ac<\/p>\n\n\n\n<p>La mosa\u00efque de l\u2019\u00eatre\u00a0(Vincent CLAESSENS) : 16 \u20ac (<a href=\"https:\/\/www.publier-un-livre.com\/fr\/le-livre-en-papier\/3183-la-mosaique-de-l-etre\" target=\"_blank\" rel=\"noreferrer noopener\">achat en ligne aupr\u00e8s de Le livre en papier<\/a>)<\/p>\n\n\n\n<p>Psycho-\u00e9nerg\u00e9tique : Les sept rayons d\u2019\u00e9nergies en Psychosynth\u00e8se (Vincent CLAESSENS) : 18 \u20ac (<a href=\"https:\/\/www.publier-un-livre.com\/fr\/le-livre-en-papier\/3437-psycho-energetique-les-sept-rayons-d-energies-en-psychosynthese\" target=\"_blank\" rel=\"noreferrer noopener\">achat en ligne aupr\u00e8s de Le livre en papier<\/a>)<\/p>\n\n\n\n<p>La psychosynth\u00e8se, un chemin de r\u00e9alisation spirituelle &#8211; Voyage au coeur des fonctions psychiques (Vincent CLAESSENS) : 15 \u20ac (<a href=\"https:\/\/www.publier-un-livre.com\/fr\/le-livre-en-papier\/3819-la-psychosynthese-un-chemin-de-realisation-spirituelle-voyage-au-coeur-des-fonctions-psychiques\" target=\"_blank\" rel=\"noreferrer noopener\">achat en ligne aupr\u00e8s de Le livre en papier<\/a>)<\/p>\n\n\n\n<p>La psychosynth\u00e8se&nbsp;(Piero FERRUCCI) : 20 \u20ac<\/p>\n\n\n\n<p>La voie de la psychosynth\u00e8se (Petra NOCELLI) : 31 \u20ac<\/p>\n\n\n\n<p>La psychosynth\u00e8se en 99 mots + 1 (IFP, SFPT) : 17.50 \u20ac (<a href=\"https:\/\/www.publier-un-livre.com\/fr\/le-livre-en-papier\/4044-la-psychosynthese-en-99-mots-un\" target=\"_blank\" rel=\"noreferrer noopener\">achat en ligne aupr\u00e8s de Le livre en papier<\/a>)<\/p>\n\n\n\n<p>La psychosynth\u00e8se (Que sais-je) : 10 \u20ac<\/p>\n\n\n\n<p class=\"has-white-color has-vivid-cyan-blue-background-color has-text-color has-background has-link-color wp-elements-640d7517abee9af5e63e9b7cae6476ac\">Livre paru en 2025<\/p>\n\n\n\n<div class=\"wp-block-columns is-layout-flex wp-container-core-columns-is-layout-9d6595d7 wp-block-columns-is-layout-flex\">\n<div class=\"wp-block-column is-layout-flow wp-block-column-is-layout-flow\">\n<figure class=\"wp-block-image size-large\"><img loading=\"lazy\" decoding=\"async\" width=\"720\" height=\"1024\" src=\"https:\/\/www.psychosynthese.fr\/wp-content\/uploads\/2025\/07\/livre-99-mots-1ere-de-couverture-reduit-720x1024.jpg\" alt=\"\" class=\"wp-image-4393\" srcset=\"https:\/\/www.psychosynthese.fr\/wp-content\/uploads\/2025\/07\/livre-99-mots-1ere-de-couverture-reduit-720x1024.jpg 720w, https:\/\/www.psychosynthese.fr\/wp-content\/uploads\/2025\/07\/livre-99-mots-1ere-de-couverture-reduit-211x300.jpg 211w, https:\/\/www.psychosynthese.fr\/wp-content\/uploads\/2025\/07\/livre-99-mots-1ere-de-couverture-reduit-768x1093.jpg 768w, https:\/\/www.psychosynthese.fr\/wp-content\/uploads\/2025\/07\/livre-99-mots-1ere-de-couverture-reduit-1079x1536.jpg 1079w, https:\/\/www.psychosynthese.fr\/wp-content\/uploads\/2025\/07\/livre-99-mots-1ere-de-couverture-reduit-1439x2048.jpg 1439w, https:\/\/www.psychosynthese.fr\/wp-content\/uploads\/2025\/07\/livre-99-mots-1ere-de-couverture-reduit-scaled.jpg 1799w\" sizes=\"auto, (max-width: 720px) 100vw, 720px\" \/><\/figure>\n<\/div>\n\n\n\n<div class=\"wp-block-column is-layout-flow wp-block-column-is-layout-flow\">\n<figure class=\"wp-block-image size-large\"><img loading=\"lazy\" decoding=\"async\" width=\"702\" height=\"1024\" src=\"https:\/\/www.psychosynthese.fr\/wp-content\/uploads\/2025\/07\/livre-99-mots-4eme-de-couverture-702x1024.jpg\" alt=\"\" class=\"wp-image-4392\" srcset=\"https:\/\/www.psychosynthese.fr\/wp-content\/uploads\/2025\/07\/livre-99-mots-4eme-de-couverture-702x1024.jpg 702w, https:\/\/www.psychosynthese.fr\/wp-content\/uploads\/2025\/07\/livre-99-mots-4eme-de-couverture-206x300.jpg 206w, https:\/\/www.psychosynthese.fr\/wp-content\/uploads\/2025\/07\/livre-99-mots-4eme-de-couverture-768x1121.jpg 768w, https:\/\/www.psychosynthese.fr\/wp-content\/uploads\/2025\/07\/livre-99-mots-4eme-de-couverture-1053x1536.jpg 1053w, https:\/\/www.psychosynthese.fr\/wp-content\/uploads\/2025\/07\/livre-99-mots-4eme-de-couverture.jpg 1248w\" sizes=\"auto, (max-width: 702px) 100vw, 702px\" \/><\/figure>\n<\/div>\n<\/div>\n\n\n\n<p class=\"has-white-color has-vivid-cyan-blue-background-color has-text-color has-background has-link-color wp-elements-b9c1a3f5aed889581240949698f9a648\">Livre paru en 2024<\/p>\n\n\n\n<div class=\"wp-block-columns is-layout-flex wp-container-core-columns-is-layout-9d6595d7 wp-block-columns-is-layout-flex\">\n<div class=\"wp-block-column is-layout-flow wp-block-column-is-layout-flow\">\n<figure class=\"wp-block-image size-large is-style-default\"><img loading=\"lazy\" decoding=\"async\" width=\"722\" height=\"1024\" src=\"https:\/\/www.psychosynthese.fr\/wp-content\/uploads\/2025\/07\/Couverture-722x1024.jpg\" alt=\"\" class=\"wp-image-4391\" srcset=\"https:\/\/www.psychosynthese.fr\/wp-content\/uploads\/2025\/07\/Couverture-722x1024.jpg 722w, https:\/\/www.psychosynthese.fr\/wp-content\/uploads\/2025\/07\/Couverture-212x300.jpg 212w, https:\/\/www.psychosynthese.fr\/wp-content\/uploads\/2025\/07\/Couverture-768x1089.jpg 768w, https:\/\/www.psychosynthese.fr\/wp-content\/uploads\/2025\/07\/Couverture.jpg 839w\" sizes=\"auto, (max-width: 722px) 100vw, 722px\" \/><\/figure>\n<\/div>\n\n\n\n<div class=\"wp-block-column is-layout-flow wp-block-column-is-layout-flow\">\n<p class=\"has-text-align-center\">Alors qu\u2019il manquait une dimension spirituelle \u00e0 la psychologie occidentale, la Psychosynth\u00e8se s\u2019est d\u00e9velopp\u00e9e autour de l\u2019id\u00e9e que l\u2019\u00eatre humain a non seulement besoin d\u2019un sens \u00e0 sa vie, mais qu\u2019il existe en lui un Soi spirituel qui cherche \u00e0 le guider et l\u2019incite \u00e0 d\u00e9velopper son potentiel sup\u00e9rieur en vue d\u2019offrir sa contribution \u00e0 l\u2019\u00e9volution du monde.<\/p>\n\n\n\n<p class=\"has-text-align-center\">Tant dans sa pratique que dans son but ultime (la connaissance de soi et la r\u00e9alisation spirituelle), la Psychosynth\u00e8se poss\u00e8de de nombreux points communs avec la philosophie et la pratique du Yoga. L\u2019objectif de cet ouvrage est de mettre en \u00e9vidence ces multiples passerelles entre la psychologie contemporaine et la discipline mill\u00e9naire du Raja Yoga. Cette \u00e9tude nous entrainera dans un voyage \u00e0 travers les fonctions psychiques (sensation, \u00e9motion, pens\u00e9e, impulsion, imagination, intuition et volont\u00e9).<\/p>\n\n\n\n<p class=\"has-text-align-center\">Au-del\u00e0 des d\u00e9veloppements th\u00e9oriques, l\u2019intention sous-jacente est d\u2019ordre pratique. Les exercices qui ponctuent les explications visent \u00e0 permettre une exp\u00e9rience directe au lecteur afin d\u2019approfondir sa compr\u00e9hension des dimensions de la conscience. Peut-\u00eatre d\u00e9couvrira-t-il au cours de ce cheminement des potentialit\u00e9s insoup\u00e7onn\u00e9es ?<\/p>\n\n\n\n<p class=\"has-text-align-center\">En tout cas, la Psychosynth\u00e8se offre un formidable terrain d\u2019entrainement pour d\u00e9velopper des facult\u00e9s et des qualit\u00e9s spirituelles qui peuvent am\u00e9liorer nos relations et contribuer \u00e0 l\u2019harmonie du monde.<\/p>\n<\/div>\n<\/div>\n\n\n\n<p class=\"has-white-color has-vivid-cyan-blue-background-color has-text-color has-background\">Livre paru en 2023<\/p>\n\n\n\n<div class=\"wp-block-columns is-layout-flex wp-container-core-columns-is-layout-9d6595d7 wp-block-columns-is-layout-flex\">\n<div class=\"wp-block-column is-layout-flow wp-block-column-is-layout-flow\">\n<figure class=\"wp-block-image size-full\"><img loading=\"lazy\" decoding=\"async\" width=\"317\" height=\"450\" src=\"https:\/\/www.psychosynthese.fr\/wp-content\/uploads\/2023\/11\/livre-CLAESSENS-7-rayons-couverture.jpeg\" alt=\"\" class=\"wp-image-3233\" srcset=\"https:\/\/www.psychosynthese.fr\/wp-content\/uploads\/2023\/11\/livre-CLAESSENS-7-rayons-couverture.jpeg 317w, https:\/\/www.psychosynthese.fr\/wp-content\/uploads\/2023\/11\/livre-CLAESSENS-7-rayons-couverture-211x300.jpeg 211w\" sizes=\"auto, (max-width: 317px) 100vw, 317px\" \/><\/figure>\n<\/div>\n\n\n\n<div class=\"wp-block-column is-vertically-aligned-center is-layout-flow wp-block-column-is-layout-flow\">\n<p>Aujourd\u2019hui se dessinent les contours de la psycho-\u00e9nerg\u00e9tique. <\/p>\n\n\n\n<p>C\u2019est dans cette nouvelle approche psychologique que s\u2019int\u00e8gre le th\u00e8me de ce livre : <a href=\"https:\/\/www.psychosynthese.fr\/index.php\/2023\/11\/19\/psychoenergetique\/\" target=\"_blank\" rel=\"noreferrer noopener\">Les sept rayons d\u2019\u00e9nergies et leur expression en sept types psychologiques<\/a>. <\/p>\n\n\n\n<p>Publication : 2023<\/p>\n<\/div>\n<\/div>\n","protected":false},"excerpt":{"rendered":"<p>L&rsquo;IFP publie et vend des ouvrages sur la psychosynth\u00e8se. Vous pouvez soit vous d\u00e9placer \u00e0 l&rsquo;IFP \u00e0 Paris pour les acheter (envoyer un email \u00e0 ifp@psychosynthese.fr pour pr\u00e9venir l&rsquo;IFP; l&rsquo;IFP est ouvert au public les mardis de 11h \u00e0 16h hors vacances scolaires), soit les commander en \u00e9crivant \u00e0 l&rsquo;IFP, le prix incluera alors les [&hellip;]<\/p>\n","protected":false},"author":1,"featured_media":0,"parent":1530,"menu_order":2,"comment_status":"closed","ping_status":"closed","template":"","meta":{"_monsterinsights_skip_tracking":false,"_monsterinsights_sitenote_active":false,"_monsterinsights_sitenote_note":"","_monsterinsights_sitenote_category":0,"footnotes":""},"class_list":["post-3383","page","type-page","status-publish","czr-hentry"],"yoast_head":"<!-- This site is optimized with the Yoast SEO plugin v27.5 - https:\/\/yoast.com\/product\/yoast-seo-wordpress\/ -->\n<title>- Livres - Institut Fran\u00e7ais de Psychosynth\u00e8se<\/title>\n<meta name=\"description\" content=\"L&#039;IFP publie et vend des ouvrages sur la psychosynth\u00e8se. D\u00e9couvrez la liste des ouvrages et le dernier livre paru en 2023 : Psycho-\u00e9nerg\u00e9tique : Les 7 rayons d&#039;\u00e9nergie en psychosynth\u00e8se\" \/>\n<meta name=\"robots\" content=\"index, follow, max-snippet:-1, max-image-preview:large, max-video-preview:-1\" \/>\n<link rel=\"canonical\" href=\"https:\/\/www.psychosynthese.fr\/index.php\/activites-decouverte-ateliers-developpement-personnel\/livres\/\" \/>\n<meta property=\"og:locale\" content=\"fr_FR\" \/>\n<meta property=\"og:type\" content=\"article\" \/>\n<meta property=\"og:title\" content=\"- Livres - Institut Fran\u00e7ais de Psychosynth\u00e8se\" \/>\n<meta property=\"og:description\" content=\"L&#039;IFP publie et vend des ouvrages sur la psychosynth\u00e8se. D\u00e9couvrez la liste des ouvrages et le dernier livre paru en 2023 : Psycho-\u00e9nerg\u00e9tique : Les 7 rayons d&#039;\u00e9nergie en psychosynth\u00e8se\" \/>\n<meta property=\"og:url\" content=\"https:\/\/www.psychosynthese.fr\/index.php\/activites-decouverte-ateliers-developpement-personnel\/livres\/\" \/>\n<meta property=\"og:site_name\" content=\"Institut Fran\u00e7ais de Psychosynth\u00e8se\" \/>\n<meta property=\"article:publisher\" content=\"https:\/\/www.facebook.com\/ifp.paris\" \/>\n<meta property=\"article:modified_time\" content=\"2025-07-08T07:55:51+00:00\" \/>\n<meta property=\"og:image\" content=\"https:\/\/www.psychosynthese.fr\/wp-content\/uploads\/2025\/07\/livre-99-mots-1ere-de-couverture-reduit-scaled.jpg\" \/>\n\t<meta property=\"og:image:width\" content=\"1799\" \/>\n\t<meta property=\"og:image:height\" content=\"2560\" \/>\n\t<meta property=\"og:image:type\" content=\"image\/jpeg\" \/>\n<meta name=\"twitter:card\" content=\"summary_large_image\" \/>\n<meta name=\"twitter:label1\" content=\"Dur\u00e9e de lecture estim\u00e9e\" \/>\n\t<meta name=\"twitter:data1\" content=\"2 minutes\" \/>\n<script type=\"application\/ld+json\" class=\"yoast-schema-graph\">{\"@context\":\"https:\\\/\\\/schema.org\",\"@graph\":[{\"@type\":\"WebPage\",\"@id\":\"https:\\\/\\\/www.psychosynthese.fr\\\/index.php\\\/activites-decouverte-ateliers-developpement-personnel\\\/livres\\\/\",\"url\":\"https:\\\/\\\/www.psychosynthese.fr\\\/index.php\\\/activites-decouverte-ateliers-developpement-personnel\\\/livres\\\/\",\"name\":\"- Livres - Institut Fran\u00e7ais de Psychosynth\u00e8se\",\"isPartOf\":{\"@id\":\"https:\\\/\\\/www.psychosynthese.fr\\\/#website\"},\"primaryImageOfPage\":{\"@id\":\"https:\\\/\\\/www.psychosynthese.fr\\\/index.php\\\/activites-decouverte-ateliers-developpement-personnel\\\/livres\\\/#primaryimage\"},\"image\":{\"@id\":\"https:\\\/\\\/www.psychosynthese.fr\\\/index.php\\\/activites-decouverte-ateliers-developpement-personnel\\\/livres\\\/#primaryimage\"},\"thumbnailUrl\":\"https:\\\/\\\/www.psychosynthese.fr\\\/wp-content\\\/uploads\\\/2025\\\/07\\\/livre-99-mots-1ere-de-couverture-reduit-720x1024.jpg\",\"datePublished\":\"2023-12-10T18:43:25+00:00\",\"dateModified\":\"2025-07-08T07:55:51+00:00\",\"description\":\"L'IFP publie et vend des ouvrages sur la psychosynth\u00e8se. D\u00e9couvrez la liste des ouvrages et le dernier livre paru en 2023 : Psycho-\u00e9nerg\u00e9tique : Les 7 rayons d'\u00e9nergie en psychosynth\u00e8se\",\"breadcrumb\":{\"@id\":\"https:\\\/\\\/www.psychosynthese.fr\\\/index.php\\\/activites-decouverte-ateliers-developpement-personnel\\\/livres\\\/#breadcrumb\"},\"inLanguage\":\"fr-FR\",\"potentialAction\":[{\"@type\":\"ReadAction\",\"target\":[\"https:\\\/\\\/www.psychosynthese.fr\\\/index.php\\\/activites-decouverte-ateliers-developpement-personnel\\\/livres\\\/\"]}]},{\"@type\":\"ImageObject\",\"inLanguage\":\"fr-FR\",\"@id\":\"https:\\\/\\\/www.psychosynthese.fr\\\/index.php\\\/activites-decouverte-ateliers-developpement-personnel\\\/livres\\\/#primaryimage\",\"url\":\"https:\\\/\\\/www.psychosynthese.fr\\\/wp-content\\\/uploads\\\/2025\\\/07\\\/livre-99-mots-1ere-de-couverture-reduit-scaled.jpg\",\"contentUrl\":\"https:\\\/\\\/www.psychosynthese.fr\\\/wp-content\\\/uploads\\\/2025\\\/07\\\/livre-99-mots-1ere-de-couverture-reduit-scaled.jpg\",\"width\":1799,\"height\":2560},{\"@type\":\"BreadcrumbList\",\"@id\":\"https:\\\/\\\/www.psychosynthese.fr\\\/index.php\\\/activites-decouverte-ateliers-developpement-personnel\\\/livres\\\/#breadcrumb\",\"itemListElement\":[{\"@type\":\"ListItem\",\"position\":1,\"name\":\"Accueil\",\"item\":\"https:\\\/\\\/www.psychosynthese.fr\\\/\"},{\"@type\":\"ListItem\",\"position\":2,\"name\":\"Activit\u00e9s\",\"item\":\"https:\\\/\\\/www.psychosynthese.fr\\\/index.php\\\/activites-decouverte-ateliers-developpement-personnel\\\/\"},{\"@type\":\"ListItem\",\"position\":3,\"name\":\"&#8212; Livres &#8212;\"}]},{\"@type\":\"WebSite\",\"@id\":\"https:\\\/\\\/www.psychosynthese.fr\\\/#website\",\"url\":\"https:\\\/\\\/www.psychosynthese.fr\\\/\",\"name\":\"Institut Fran\u00e7ais de Psychosynth\u00e8se\",\"description\":\"Formation en psychosynth\u00e8se\",\"publisher\":{\"@id\":\"https:\\\/\\\/www.psychosynthese.fr\\\/#organization\"},\"alternateName\":\"IFP\",\"potentialAction\":[{\"@type\":\"SearchAction\",\"target\":{\"@type\":\"EntryPoint\",\"urlTemplate\":\"https:\\\/\\\/www.psychosynthese.fr\\\/?s={search_term_string}\"},\"query-input\":{\"@type\":\"PropertyValueSpecification\",\"valueRequired\":true,\"valueName\":\"search_term_string\"}}],\"inLanguage\":\"fr-FR\"},{\"@type\":\"Organization\",\"@id\":\"https:\\\/\\\/www.psychosynthese.fr\\\/#organization\",\"name\":\"Institut Fran\u00e7ais de Psychosynth\u00e8se\",\"url\":\"https:\\\/\\\/www.psychosynthese.fr\\\/\",\"logo\":{\"@type\":\"ImageObject\",\"inLanguage\":\"fr-FR\",\"@id\":\"https:\\\/\\\/www.psychosynthese.fr\\\/#\\\/schema\\\/logo\\\/image\\\/\",\"url\":\"https:\\\/\\\/www.psychosynthese.fr\\\/wp-content\\\/uploads\\\/2017\\\/03\\\/cropped-cropped-logo-ifp-155.jpg\",\"contentUrl\":\"https:\\\/\\\/www.psychosynthese.fr\\\/wp-content\\\/uploads\\\/2017\\\/03\\\/cropped-cropped-logo-ifp-155.jpg\",\"width\":135,\"height\":135,\"caption\":\"Institut Fran\u00e7ais de Psychosynth\u00e8se\"},\"image\":{\"@id\":\"https:\\\/\\\/www.psychosynthese.fr\\\/#\\\/schema\\\/logo\\\/image\\\/\"},\"sameAs\":[\"https:\\\/\\\/www.facebook.com\\\/ifp.paris\",\"https:\\\/\\\/www.youtube.com\\\/channel\\\/UCKmHyF5IEF9hQ_UI4mmbYgw\"]}]}<\/script>\n<!-- \/ Yoast SEO plugin. -->","yoast_head_json":{"title":"- Livres - Institut Fran\u00e7ais de Psychosynth\u00e8se","description":"L'IFP publie et vend des ouvrages sur la psychosynth\u00e8se. D\u00e9couvrez la liste des ouvrages et le dernier livre paru en 2023 : Psycho-\u00e9nerg\u00e9tique : Les 7 rayons d'\u00e9nergie en psychosynth\u00e8se","robots":{"index":"index","follow":"follow","max-snippet":"max-snippet:-1","max-image-preview":"max-image-preview:large","max-video-preview":"max-video-preview:-1"},"canonical":"https:\/\/www.psychosynthese.fr\/index.php\/activites-decouverte-ateliers-developpement-personnel\/livres\/","og_locale":"fr_FR","og_type":"article","og_title":"- Livres - Institut Fran\u00e7ais de Psychosynth\u00e8se","og_description":"L'IFP publie et vend des ouvrages sur la psychosynth\u00e8se. D\u00e9couvrez la liste des ouvrages et le dernier livre paru en 2023 : Psycho-\u00e9nerg\u00e9tique : Les 7 rayons d'\u00e9nergie en psychosynth\u00e8se","og_url":"https:\/\/www.psychosynthese.fr\/index.php\/activites-decouverte-ateliers-developpement-personnel\/livres\/","og_site_name":"Institut Fran\u00e7ais de Psychosynth\u00e8se","article_publisher":"https:\/\/www.facebook.com\/ifp.paris","article_modified_time":"2025-07-08T07:55:51+00:00","og_image":[{"width":1799,"height":2560,"url":"https:\/\/www.psychosynthese.fr\/wp-content\/uploads\/2025\/07\/livre-99-mots-1ere-de-couverture-reduit-scaled.jpg","type":"image\/jpeg"}],"twitter_card":"summary_large_image","twitter_misc":{"Dur\u00e9e de lecture estim\u00e9e":"2 minutes"},"schema":{"@context":"https:\/\/schema.org","@graph":[{"@type":"WebPage","@id":"https:\/\/www.psychosynthese.fr\/index.php\/activites-decouverte-ateliers-developpement-personnel\/livres\/","url":"https:\/\/www.psychosynthese.fr\/index.php\/activites-decouverte-ateliers-developpement-personnel\/livres\/","name":"- Livres - Institut Fran\u00e7ais de Psychosynth\u00e8se","isPartOf":{"@id":"https:\/\/www.psychosynthese.fr\/#website"},"primaryImageOfPage":{"@id":"https:\/\/www.psychosynthese.fr\/index.php\/activites-decouverte-ateliers-developpement-personnel\/livres\/#primaryimage"},"image":{"@id":"https:\/\/www.psychosynthese.fr\/index.php\/activites-decouverte-ateliers-developpement-personnel\/livres\/#primaryimage"},"thumbnailUrl":"https:\/\/www.psychosynthese.fr\/wp-content\/uploads\/2025\/07\/livre-99-mots-1ere-de-couverture-reduit-720x1024.jpg","datePublished":"2023-12-10T18:43:25+00:00","dateModified":"2025-07-08T07:55:51+00:00","description":"L'IFP publie et vend des ouvrages sur la psychosynth\u00e8se. D\u00e9couvrez la liste des ouvrages et le dernier livre paru en 2023 : Psycho-\u00e9nerg\u00e9tique : Les 7 rayons d'\u00e9nergie en psychosynth\u00e8se","breadcrumb":{"@id":"https:\/\/www.psychosynthese.fr\/index.php\/activites-decouverte-ateliers-developpement-personnel\/livres\/#breadcrumb"},"inLanguage":"fr-FR","potentialAction":[{"@type":"ReadAction","target":["https:\/\/www.psychosynthese.fr\/index.php\/activites-decouverte-ateliers-developpement-personnel\/livres\/"]}]},{"@type":"ImageObject","inLanguage":"fr-FR","@id":"https:\/\/www.psychosynthese.fr\/index.php\/activites-decouverte-ateliers-developpement-personnel\/livres\/#primaryimage","url":"https:\/\/www.psychosynthese.fr\/wp-content\/uploads\/2025\/07\/livre-99-mots-1ere-de-couverture-reduit-scaled.jpg","contentUrl":"https:\/\/www.psychosynthese.fr\/wp-content\/uploads\/2025\/07\/livre-99-mots-1ere-de-couverture-reduit-scaled.jpg","width":1799,"height":2560},{"@type":"BreadcrumbList","@id":"https:\/\/www.psychosynthese.fr\/index.php\/activites-decouverte-ateliers-developpement-personnel\/livres\/#breadcrumb","itemListElement":[{"@type":"ListItem","position":1,"name":"Accueil","item":"https:\/\/www.psychosynthese.fr\/"},{"@type":"ListItem","position":2,"name":"Activit\u00e9s","item":"https:\/\/www.psychosynthese.fr\/index.php\/activites-decouverte-ateliers-developpement-personnel\/"},{"@type":"ListItem","position":3,"name":"&#8212; Livres &#8212;"}]},{"@type":"WebSite","@id":"https:\/\/www.psychosynthese.fr\/#website","url":"https:\/\/www.psychosynthese.fr\/","name":"Institut Fran\u00e7ais de Psychosynth\u00e8se","description":"Formation en psychosynth\u00e8se","publisher":{"@id":"https:\/\/www.psychosynthese.fr\/#organization"},"alternateName":"IFP","potentialAction":[{"@type":"SearchAction","target":{"@type":"EntryPoint","urlTemplate":"https:\/\/www.psychosynthese.fr\/?s={search_term_string}"},"query-input":{"@type":"PropertyValueSpecification","valueRequired":true,"valueName":"search_term_string"}}],"inLanguage":"fr-FR"},{"@type":"Organization","@id":"https:\/\/www.psychosynthese.fr\/#organization","name":"Institut Fran\u00e7ais de Psychosynth\u00e8se","url":"https:\/\/www.psychosynthese.fr\/","logo":{"@type":"ImageObject","inLanguage":"fr-FR","@id":"https:\/\/www.psychosynthese.fr\/#\/schema\/logo\/image\/","url":"https:\/\/www.psychosynthese.fr\/wp-content\/uploads\/2017\/03\/cropped-cropped-logo-ifp-155.jpg","contentUrl":"https:\/\/www.psychosynthese.fr\/wp-content\/uploads\/2017\/03\/cropped-cropped-logo-ifp-155.jpg","width":135,"height":135,"caption":"Institut Fran\u00e7ais de Psychosynth\u00e8se"},"image":{"@id":"https:\/\/www.psychosynthese.fr\/#\/schema\/logo\/image\/"},"sameAs":["https:\/\/www.facebook.com\/ifp.paris","https:\/\/www.youtube.com\/channel\/UCKmHyF5IEF9hQ_UI4mmbYgw"]}]}},"_links":{"self":[{"href":"https:\/\/www.psychosynthese.fr\/index.php\/wp-json\/wp\/v2\/pages\/3383","targetHints":{"allow":["GET"]}}],"collection":[{"href":"https:\/\/www.psychosynthese.fr\/index.php\/wp-json\/wp\/v2\/pages"}],"about":[{"href":"https:\/\/www.psychosynthese.fr\/index.php\/wp-json\/wp\/v2\/types\/page"}],"author":[{"embeddable":true,"href":"https:\/\/www.psychosynthese.fr\/index.php\/wp-json\/wp\/v2\/users\/1"}],"replies":[{"embeddable":true,"href":"https:\/\/www.psychosynthese.fr\/index.php\/wp-json\/wp\/v2\/comments?post=3383"}],"version-history":[{"count":5,"href":"https:\/\/www.psychosynthese.fr\/index.php\/wp-json\/wp\/v2\/pages\/3383\/revisions"}],"predecessor-version":[{"id":4398,"href":"https:\/\/www.psychosynthese.fr\/index.php\/wp-json\/wp\/v2\/pages\/3383\/revisions\/4398"}],"up":[{"embeddable":true,"href":"https:\/\/www.psychosynthese.fr\/index.php\/wp-json\/wp\/v2\/pages\/1530"}],"wp:attachment":[{"href":"https:\/\/www.psychosynthese.fr\/index.php\/wp-json\/wp\/v2\/media?parent=3383"}],"curies":[{"name":"wp","href":"https:\/\/api.w.org\/{rel}","templated":true}]}}