{"id":3591,"date":"2024-03-31T17:16:56","date_gmt":"2024-03-31T16:16:56","guid":{"rendered":"https:\/\/psychosynthese.fr\/?page_id=3591"},"modified":"2024-04-18T15:55:54","modified_gmt":"2024-04-18T14:55:54","slug":"newsletter-de-ifp","status":"publish","type":"page","link":"https:\/\/www.psychosynthese.fr\/index.php\/newsletter-de-ifp\/","title":{"rendered":"La Newsletter de l&rsquo;IFP"},"content":{"rendered":"\n<p>L&rsquo;IFP propose une newsletter, au mieux une fois par mois. <\/p>\n\n\n\n<p>Vous y trouverez les actualit\u00e9s du mois : ateliers, conf\u00e9rences, parution d&rsquo;un nouveau num\u00e9ro de la Revue de la Psychosynth\u00e8se ou de livres sur la psychosynth\u00e8se, ainsi que les articles Qu&rsquo;est ce que la Psychosynth\u00e8se et la pr\u00e9sentation de nos formations.<\/p>\n\n\n\n<div class=\"wp-block-columns is-layout-flex wp-container-core-columns-is-layout-9d6595d7 wp-block-columns-is-layout-flex\">\n<div class=\"wp-block-column is-layout-flow wp-block-column-is-layout-flow\">\n<p class=\"has-vivid-cyan-blue-color has-text-color has-link-color has-medium-font-size wp-elements-a471dac8dc713181ecfd60798ad603f3\"><strong>2024<\/strong><\/p>\n\n\n\n<p><a href=\"https:\/\/www.psychosynthese.fr\/wp-content\/uploads\/2024\/03\/Newsletter-2024-04.pdf\">Newsletter d&rsquo;Avril 2024<\/a><\/p>\n<\/div>\n\n\n\n<div class=\"wp-block-column is-layout-flow wp-block-column-is-layout-flow\">\n<p class=\"has-vivid-cyan-blue-color has-text-color has-link-color has-medium-font-size wp-elements-444073784b854df1189ee89b02edcc07\"><strong>2023<\/strong><\/p>\n\n\n\n<p><a href=\"https:\/\/www.psychosynthese.fr\/wp-content\/uploads\/2024\/03\/Newsletter-2023-12.pdf\">Newsletter de D\u00e9cembre 2023<\/a><\/p>\n\n\n\n<p><a href=\"https:\/\/www.psychosynthese.fr\/wp-content\/uploads\/2024\/03\/Newsletter-2023-10.pdf\">Newsletter d&rsquo;Octobre 2023<\/a><\/p>\n\n\n\n<p><a href=\"https:\/\/www.psychosynthese.fr\/wp-content\/uploads\/2024\/03\/Newsletter-2023-09.pdf\">Newsletter de Septembre 2023<\/a><\/p>\n\n\n\n<p><a href=\"https:\/\/www.psychosynthese.fr\/wp-content\/uploads\/2024\/03\/Newsletter-2023-08.pdf\">Newsletter d&rsquo;Ao\u00fbt 2023<\/a><\/p>\n\n\n\n<p><a href=\"https:\/\/www.psychosynthese.fr\/wp-content\/uploads\/2024\/03\/Newsletter-2023-06.pdf\">Newsletter de Juin 2023<\/a><\/p>\n\n\n\n<p><a href=\"https:\/\/www.psychosynthese.fr\/wp-content\/uploads\/2024\/03\/Newsletter-2023-05.pdf\">Newsletter de Mai 2023<\/a><\/p>\n\n\n\n<p><a href=\"https:\/\/www.psychosynthese.fr\/wp-content\/uploads\/2024\/03\/Newsletter-2023-04.pdf\">Newsletter d&rsquo;Avril 2023<\/a><\/p>\n<\/div>\n<\/div>\n\n\n\n<p class=\"has-vivid-green-cyan-color has-text-color has-link-color wp-elements-b3994b4ac2b8c9d3c8e131a9d2cab84e\"><strong>S&rsquo;ABONNER<\/strong><\/p>\n\n\n\n<p>Pour recevoir la Newsletter, veuillez remplir et envoyer le formulaire ci-dessous:<\/p>\n\n\n<div class=\"wpforms-container wpforms-container-full wpforms-block wpforms-block-9dbc5868-39b4-40ad-8e00-b1f375d8c4ae wpforms-render-modern\" id=\"wpforms-3602\"><form id=\"wpforms-form-3602\" class=\"wpforms-validate wpforms-form wpforms-ajax-form\" data-formid=\"3602\" method=\"post\" enctype=\"multipart\/form-data\" action=\"\/index.php\/wp-json\/wp\/v2\/pages\/3591\" data-token=\"3a0e884069678d4405adcbef2baf982b\" data-token-time=\"1778413465\"><noscript class=\"wpforms-error-noscript\">Veuillez activer JavaScript dans votre navigateur pour remplir ce formulaire.<\/noscript><div id=\"wpforms-error-noscript\" style=\"display: none;\">Veuillez activer JavaScript dans votre navigateur pour remplir ce formulaire.<\/div><div class=\"wpforms-field-container\"><div id=\"wpforms-3602-field_1-container\" class=\"wpforms-field wpforms-field-text wpforms-one-half wpforms-first\" data-field-id=\"1\"><label class=\"wpforms-field-label\" for=\"wpforms-3602-field_1\">Pr\u00e9nom <span class=\"wpforms-required-label\" aria-hidden=\"true\">*<\/span><\/label><input type=\"text\" id=\"wpforms-3602-field_1\" class=\"wpforms-field-large wpforms-field-required\" name=\"wpforms[fields][1]\" aria-errormessage=\"wpforms-3602-field_1-error\" required><\/div><div id=\"wpforms-3602-field_2-container\" class=\"wpforms-field wpforms-field-text wpforms-one-half\" data-field-id=\"2\"><label class=\"wpforms-field-label\" for=\"wpforms-3602-field_2\">Nom <span class=\"wpforms-required-label\" aria-hidden=\"true\">*<\/span><\/label><input type=\"text\" id=\"wpforms-3602-field_2\" class=\"wpforms-field-large wpforms-field-required\" name=\"wpforms[fields][2]\" aria-errormessage=\"wpforms-3602-field_2-error\" required><\/div><div id=\"wpforms-3602-field_3-container\" class=\"wpforms-field wpforms-field-email\" data-field-id=\"3\"><label class=\"wpforms-field-label\" for=\"wpforms-3602-field_3\">E-mail <span class=\"wpforms-required-label\" aria-hidden=\"true\">*<\/span><\/label><input type=\"email\" id=\"wpforms-3602-field_3\" class=\"wpforms-field-medium wpforms-field-required\" name=\"wpforms[fields][3]\" spellcheck=\"false\" aria-errormessage=\"wpforms-3602-field_3-error\" required><\/div><\/div><!-- .wpforms-field-container --><div class=\"wpforms-submit-container\" ><input type=\"hidden\" name=\"wpforms[id]\" value=\"3602\"><input type=\"hidden\" name=\"page_title\" value=\"\"><input type=\"hidden\" name=\"page_url\" value=\"https:\/\/www.psychosynthese.fr\/index.php\/wp-json\/wp\/v2\/pages\/3591\"><input type=\"hidden\" name=\"url_referer\" value=\"\"><button type=\"submit\" name=\"wpforms[submit]\" id=\"wpforms-submit-3602\" class=\"wpforms-submit bouton_wpforms\" data-alt-text=\"Envoi...\" data-submit-text=\"Envoyer\" aria-live=\"assertive\" value=\"wpforms-submit\">Envoyer<\/button><img loading=\"lazy\" decoding=\"async\" src=\"https:\/\/www.psychosynthese.fr\/wp-content\/plugins\/wpforms-lite\/assets\/images\/submit-spin.svg\" class=\"wpforms-submit-spinner\" style=\"display: none;\" width=\"26\" height=\"26\" alt=\"Chargement en cours\"><\/div><\/form><\/div>  <!-- .wpforms-container -->","protected":false},"excerpt":{"rendered":"<p>L&rsquo;IFP propose une newsletter, au mieux une fois par mois. Vous y trouverez les actualit\u00e9s du mois : ateliers, conf\u00e9rences, parution d&rsquo;un nouveau num\u00e9ro de la Revue de la Psychosynth\u00e8se ou de livres sur la psychosynth\u00e8se, ainsi que les articles Qu&rsquo;est ce que la Psychosynth\u00e8se et la pr\u00e9sentation de nos formations. 2024 Newsletter d&rsquo;Avril 2024 [&hellip;]<\/p>\n","protected":false},"author":1,"featured_media":0,"parent":0,"menu_order":0,"comment_status":"closed","ping_status":"closed","template":"","meta":{"_monsterinsights_skip_tracking":false,"_monsterinsights_sitenote_active":false,"_monsterinsights_sitenote_note":"","_monsterinsights_sitenote_category":0,"footnotes":""},"class_list":["post-3591","page","type-page","status-publish","czr-hentry"],"yoast_head":"<!-- This site is optimized with the Yoast SEO plugin v27.5 - https:\/\/yoast.com\/product\/yoast-seo-wordpress\/ -->\n<title>La Newsletter de l&#039;IFP - Institut Fran\u00e7ais de Psychosynth\u00e8se<\/title>\n<meta name=\"description\" content=\"Pour \u00eatre informer des formations et des \u00e9v\u00e8nements \u00e0 l&#039;Institut Fran\u00e7ais de Psychosynth\u00e8se.\" \/>\n<meta name=\"robots\" content=\"index, follow, max-snippet:-1, max-image-preview:large, max-video-preview:-1\" \/>\n<link rel=\"canonical\" href=\"https:\/\/www.psychosynthese.fr\/index.php\/newsletter-de-ifp\/\" \/>\n<meta property=\"og:locale\" content=\"fr_FR\" \/>\n<meta property=\"og:type\" content=\"article\" \/>\n<meta property=\"og:title\" content=\"La Newsletter de l&#039;IFP - Institut Fran\u00e7ais de Psychosynth\u00e8se\" \/>\n<meta property=\"og:description\" content=\"Pour \u00eatre informer des formations et des \u00e9v\u00e8nements \u00e0 l&#039;Institut Fran\u00e7ais de Psychosynth\u00e8se.\" \/>\n<meta property=\"og:url\" content=\"https:\/\/www.psychosynthese.fr\/index.php\/newsletter-de-ifp\/\" \/>\n<meta property=\"og:site_name\" content=\"Institut Fran\u00e7ais de Psychosynth\u00e8se\" \/>\n<meta property=\"article:publisher\" content=\"https:\/\/www.facebook.com\/ifp.paris\" \/>\n<meta property=\"article:modified_time\" content=\"2024-04-18T14:55:54+00:00\" \/>\n<meta property=\"og:image\" content=\"https:\/\/www.psychosynthese.fr\/wp-content\/uploads\/2017\/03\/cropped-banniereifp03172.png\" \/>\n\t<meta property=\"og:image:width\" content=\"799\" \/>\n\t<meta property=\"og:image:height\" content=\"95\" \/>\n\t<meta property=\"og:image:type\" content=\"image\/png\" \/>\n<meta name=\"twitter:card\" content=\"summary_large_image\" \/>\n<script type=\"application\/ld+json\" class=\"yoast-schema-graph\">{\"@context\":\"https:\\\/\\\/schema.org\",\"@graph\":[{\"@type\":\"WebPage\",\"@id\":\"https:\\\/\\\/www.psychosynthese.fr\\\/index.php\\\/newsletter-de-ifp\\\/\",\"url\":\"https:\\\/\\\/www.psychosynthese.fr\\\/index.php\\\/newsletter-de-ifp\\\/\",\"name\":\"La Newsletter de l'IFP - Institut Fran\u00e7ais de Psychosynth\u00e8se\",\"isPartOf\":{\"@id\":\"https:\\\/\\\/www.psychosynthese.fr\\\/#website\"},\"datePublished\":\"2024-03-31T16:16:56+00:00\",\"dateModified\":\"2024-04-18T14:55:54+00:00\",\"description\":\"Pour \u00eatre informer des formations et des \u00e9v\u00e8nements \u00e0 l'Institut Fran\u00e7ais de Psychosynth\u00e8se.\",\"breadcrumb\":{\"@id\":\"https:\\\/\\\/www.psychosynthese.fr\\\/index.php\\\/newsletter-de-ifp\\\/#breadcrumb\"},\"inLanguage\":\"fr-FR\",\"potentialAction\":[{\"@type\":\"ReadAction\",\"target\":[\"https:\\\/\\\/www.psychosynthese.fr\\\/index.php\\\/newsletter-de-ifp\\\/\"]}]},{\"@type\":\"BreadcrumbList\",\"@id\":\"https:\\\/\\\/www.psychosynthese.fr\\\/index.php\\\/newsletter-de-ifp\\\/#breadcrumb\",\"itemListElement\":[{\"@type\":\"ListItem\",\"position\":1,\"name\":\"Accueil\",\"item\":\"https:\\\/\\\/www.psychosynthese.fr\\\/\"},{\"@type\":\"ListItem\",\"position\":2,\"name\":\"La Newsletter de l&#8217;IFP\"}]},{\"@type\":\"WebSite\",\"@id\":\"https:\\\/\\\/www.psychosynthese.fr\\\/#website\",\"url\":\"https:\\\/\\\/www.psychosynthese.fr\\\/\",\"name\":\"Institut Fran\u00e7ais de Psychosynth\u00e8se\",\"description\":\"Formation en psychosynth\u00e8se\",\"publisher\":{\"@id\":\"https:\\\/\\\/www.psychosynthese.fr\\\/#organization\"},\"alternateName\":\"IFP\",\"potentialAction\":[{\"@type\":\"SearchAction\",\"target\":{\"@type\":\"EntryPoint\",\"urlTemplate\":\"https:\\\/\\\/www.psychosynthese.fr\\\/?s={search_term_string}\"},\"query-input\":{\"@type\":\"PropertyValueSpecification\",\"valueRequired\":true,\"valueName\":\"search_term_string\"}}],\"inLanguage\":\"fr-FR\"},{\"@type\":\"Organization\",\"@id\":\"https:\\\/\\\/www.psychosynthese.fr\\\/#organization\",\"name\":\"Institut Fran\u00e7ais de Psychosynth\u00e8se\",\"url\":\"https:\\\/\\\/www.psychosynthese.fr\\\/\",\"logo\":{\"@type\":\"ImageObject\",\"inLanguage\":\"fr-FR\",\"@id\":\"https:\\\/\\\/www.psychosynthese.fr\\\/#\\\/schema\\\/logo\\\/image\\\/\",\"url\":\"https:\\\/\\\/www.psychosynthese.fr\\\/wp-content\\\/uploads\\\/2017\\\/03\\\/cropped-cropped-logo-ifp-155.jpg\",\"contentUrl\":\"https:\\\/\\\/www.psychosynthese.fr\\\/wp-content\\\/uploads\\\/2017\\\/03\\\/cropped-cropped-logo-ifp-155.jpg\",\"width\":135,\"height\":135,\"caption\":\"Institut Fran\u00e7ais de Psychosynth\u00e8se\"},\"image\":{\"@id\":\"https:\\\/\\\/www.psychosynthese.fr\\\/#\\\/schema\\\/logo\\\/image\\\/\"},\"sameAs\":[\"https:\\\/\\\/www.facebook.com\\\/ifp.paris\",\"https:\\\/\\\/www.youtube.com\\\/channel\\\/UCKmHyF5IEF9hQ_UI4mmbYgw\"]}]}<\/script>\n<!-- \/ Yoast SEO plugin. -->","yoast_head_json":{"title":"La Newsletter de l'IFP - Institut Fran\u00e7ais de Psychosynth\u00e8se","description":"Pour \u00eatre informer des formations et des \u00e9v\u00e8nements \u00e0 l'Institut Fran\u00e7ais de Psychosynth\u00e8se.","robots":{"index":"index","follow":"follow","max-snippet":"max-snippet:-1","max-image-preview":"max-image-preview:large","max-video-preview":"max-video-preview:-1"},"canonical":"https:\/\/www.psychosynthese.fr\/index.php\/newsletter-de-ifp\/","og_locale":"fr_FR","og_type":"article","og_title":"La Newsletter de l'IFP - Institut Fran\u00e7ais de Psychosynth\u00e8se","og_description":"Pour \u00eatre informer des formations et des \u00e9v\u00e8nements \u00e0 l'Institut Fran\u00e7ais de Psychosynth\u00e8se.","og_url":"https:\/\/www.psychosynthese.fr\/index.php\/newsletter-de-ifp\/","og_site_name":"Institut Fran\u00e7ais de Psychosynth\u00e8se","article_publisher":"https:\/\/www.facebook.com\/ifp.paris","article_modified_time":"2024-04-18T14:55:54+00:00","og_image":[{"width":799,"height":95,"url":"https:\/\/www.psychosynthese.fr\/wp-content\/uploads\/2017\/03\/cropped-banniereifp03172.png","type":"image\/png"}],"twitter_card":"summary_large_image","schema":{"@context":"https:\/\/schema.org","@graph":[{"@type":"WebPage","@id":"https:\/\/www.psychosynthese.fr\/index.php\/newsletter-de-ifp\/","url":"https:\/\/www.psychosynthese.fr\/index.php\/newsletter-de-ifp\/","name":"La Newsletter de l'IFP - Institut Fran\u00e7ais de Psychosynth\u00e8se","isPartOf":{"@id":"https:\/\/www.psychosynthese.fr\/#website"},"datePublished":"2024-03-31T16:16:56+00:00","dateModified":"2024-04-18T14:55:54+00:00","description":"Pour \u00eatre informer des formations et des \u00e9v\u00e8nements \u00e0 l'Institut Fran\u00e7ais de Psychosynth\u00e8se.","breadcrumb":{"@id":"https:\/\/www.psychosynthese.fr\/index.php\/newsletter-de-ifp\/#breadcrumb"},"inLanguage":"fr-FR","potentialAction":[{"@type":"ReadAction","target":["https:\/\/www.psychosynthese.fr\/index.php\/newsletter-de-ifp\/"]}]},{"@type":"BreadcrumbList","@id":"https:\/\/www.psychosynthese.fr\/index.php\/newsletter-de-ifp\/#breadcrumb","itemListElement":[{"@type":"ListItem","position":1,"name":"Accueil","item":"https:\/\/www.psychosynthese.fr\/"},{"@type":"ListItem","position":2,"name":"La Newsletter de l&#8217;IFP"}]},{"@type":"WebSite","@id":"https:\/\/www.psychosynthese.fr\/#website","url":"https:\/\/www.psychosynthese.fr\/","name":"Institut Fran\u00e7ais de Psychosynth\u00e8se","description":"Formation en psychosynth\u00e8se","publisher":{"@id":"https:\/\/www.psychosynthese.fr\/#organization"},"alternateName":"IFP","potentialAction":[{"@type":"SearchAction","target":{"@type":"EntryPoint","urlTemplate":"https:\/\/www.psychosynthese.fr\/?s={search_term_string}"},"query-input":{"@type":"PropertyValueSpecification","valueRequired":true,"valueName":"search_term_string"}}],"inLanguage":"fr-FR"},{"@type":"Organization","@id":"https:\/\/www.psychosynthese.fr\/#organization","name":"Institut Fran\u00e7ais de Psychosynth\u00e8se","url":"https:\/\/www.psychosynthese.fr\/","logo":{"@type":"ImageObject","inLanguage":"fr-FR","@id":"https:\/\/www.psychosynthese.fr\/#\/schema\/logo\/image\/","url":"https:\/\/www.psychosynthese.fr\/wp-content\/uploads\/2017\/03\/cropped-cropped-logo-ifp-155.jpg","contentUrl":"https:\/\/www.psychosynthese.fr\/wp-content\/uploads\/2017\/03\/cropped-cropped-logo-ifp-155.jpg","width":135,"height":135,"caption":"Institut Fran\u00e7ais de Psychosynth\u00e8se"},"image":{"@id":"https:\/\/www.psychosynthese.fr\/#\/schema\/logo\/image\/"},"sameAs":["https:\/\/www.facebook.com\/ifp.paris","https:\/\/www.youtube.com\/channel\/UCKmHyF5IEF9hQ_UI4mmbYgw"]}]}},"_links":{"self":[{"href":"https:\/\/www.psychosynthese.fr\/index.php\/wp-json\/wp\/v2\/pages\/3591","targetHints":{"allow":["GET"]}}],"collection":[{"href":"https:\/\/www.psychosynthese.fr\/index.php\/wp-json\/wp\/v2\/pages"}],"about":[{"href":"https:\/\/www.psychosynthese.fr\/index.php\/wp-json\/wp\/v2\/types\/page"}],"author":[{"embeddable":true,"href":"https:\/\/www.psychosynthese.fr\/index.php\/wp-json\/wp\/v2\/users\/1"}],"replies":[{"embeddable":true,"href":"https:\/\/www.psychosynthese.fr\/index.php\/wp-json\/wp\/v2\/comments?post=3591"}],"version-history":[{"count":4,"href":"https:\/\/www.psychosynthese.fr\/index.php\/wp-json\/wp\/v2\/pages\/3591\/revisions"}],"predecessor-version":[{"id":3612,"href":"https:\/\/www.psychosynthese.fr\/index.php\/wp-json\/wp\/v2\/pages\/3591\/revisions\/3612"}],"wp:attachment":[{"href":"https:\/\/www.psychosynthese.fr\/index.php\/wp-json\/wp\/v2\/media?parent=3591"}],"curies":[{"name":"wp","href":"https:\/\/api.w.org\/{rel}","templated":true}]}}